{"id":647,"date":"2025-04-29T10:46:52","date_gmt":"2025-04-29T08:46:52","guid":{"rendered":"https:\/\/vksversicherungen.be\/home\/"},"modified":"2025-11-11T10:22:42","modified_gmt":"2025-11-11T09:22:42","slug":"home","status":"publish","type":"page","link":"https:\/\/vksversicherungen.be\/fr\/","title":{"rendered":"Home"},"content":{"rendered":"<p>Lorem Ipsum\u00a0is simply dummy text of the printing and typesetting industry. Lorem Ipsum has been the industry&rsquo;s standard dummy text ever since the 1500s Lorem<\/p>\n","protected":false},"excerpt":{"rendered":"<p>Lorem Ipsum\u00a0is simply dummy text of the printing and typesetting industry. Lorem Ipsum has been the industry&rsquo;s standard dummy text ever since the 1500s Lorem<\/p>\n","protected":false},"author":3,"featured_media":0,"parent":0,"menu_order":0,"comment_status":"closed","ping_status":"closed","template":"","meta":{"_acf_changed":false,"footnotes":""},"class_list":["post-647","page","type-page","status-publish","hentry"],"acf":[],"yoast_head":"<!-- This site is optimized with the Yoast SEO plugin v27.5 - https:\/\/yoast.com\/product\/yoast-seo-wordpress\/ -->\n<title>VKS VERSICHERUNGEN | Ihr Versicherungsmakler in Ostbelgien<\/title>\n<meta name=\"description\" content=\"VKS VERSICHERUNGEN ist Ihr unabh\u00e4ngiger Makler in Ostbelgien. Pers\u00f6nliche Beratung, ma\u00dfgeschneiderte Versicherungen und Unterst\u00fctzung im Schadensfall, f\u00fcr Privatkunden und Unternehmer.\" \/>\n<meta name=\"robots\" content=\"index, follow, max-snippet:-1, max-image-preview:large, max-video-preview:-1\" \/>\n<link rel=\"canonical\" href=\"https:\/\/vksversicherungen.be\/fr\/\" \/>\n<meta property=\"og:locale\" content=\"fr_FR\" \/>\n<meta property=\"og:type\" content=\"article\" \/>\n<meta property=\"og:title\" content=\"VKS VERSICHERUNGEN | Ihr Versicherungsmakler in Ostbelgien\" \/>\n<meta property=\"og:description\" content=\"VKS VERSICHERUNGEN ist Ihr unabh\u00e4ngiger Makler in Ostbelgien. Pers\u00f6nliche Beratung, ma\u00dfgeschneiderte Versicherungen und Unterst\u00fctzung im Schadensfall, f\u00fcr Privatkunden und Unternehmer.\" \/>\n<meta property=\"og:url\" content=\"https:\/\/vksversicherungen.be\/fr\/\" \/>\n<meta property=\"og:site_name\" content=\"VKS Versicherungen\" \/>\n<meta property=\"article:modified_time\" content=\"2025-11-11T09:22:42+00:00\" \/>\n<meta name=\"twitter:card\" content=\"summary_large_image\" \/>\n<meta name=\"twitter:label1\" content=\"Dur\u00e9e de lecture estim\u00e9e\" \/>\n\t<meta name=\"twitter:data1\" content=\"1 minute\" \/>\n<script type=\"application\/ld+json\" class=\"yoast-schema-graph\">{\"@context\":\"https:\\\/\\\/schema.org\",\"@graph\":[{\"@type\":\"WebPage\",\"@id\":\"https:\\\/\\\/vksversicherungen.be\\\/fr\\\/\",\"url\":\"https:\\\/\\\/vksversicherungen.be\\\/fr\\\/\",\"name\":\"VKS VERSICHERUNGEN | Ihr Versicherungsmakler in Ostbelgien\",\"isPartOf\":{\"@id\":\"https:\\\/\\\/vksversicherungen.be\\\/#website\"},\"datePublished\":\"2025-04-29T08:46:52+00:00\",\"dateModified\":\"2025-11-11T09:22:42+00:00\",\"description\":\"VKS VERSICHERUNGEN ist Ihr unabh\u00e4ngiger Makler in Ostbelgien. Pers\u00f6nliche Beratung, ma\u00dfgeschneiderte Versicherungen und Unterst\u00fctzung im Schadensfall, f\u00fcr Privatkunden und Unternehmer.\",\"breadcrumb\":{\"@id\":\"https:\\\/\\\/vksversicherungen.be\\\/fr\\\/#breadcrumb\"},\"inLanguage\":\"fr-FR\",\"potentialAction\":[{\"@type\":\"ReadAction\",\"target\":[\"https:\\\/\\\/vksversicherungen.be\\\/fr\\\/\"]}]},{\"@type\":\"BreadcrumbList\",\"@id\":\"https:\\\/\\\/vksversicherungen.be\\\/fr\\\/#breadcrumb\",\"itemListElement\":[{\"@type\":\"ListItem\",\"position\":1,\"name\":\"Home\",\"item\":\"https:\\\/\\\/vksversicherungen.be\\\/fr\\\/\"},{\"@type\":\"ListItem\",\"position\":2,\"name\":\"Home\"}]},{\"@type\":\"WebSite\",\"@id\":\"https:\\\/\\\/vksversicherungen.be\\\/#website\",\"url\":\"https:\\\/\\\/vksversicherungen.be\\\/\",\"name\":\"VKS Versicherungen\",\"description\":\"\",\"potentialAction\":[{\"@type\":\"SearchAction\",\"target\":{\"@type\":\"EntryPoint\",\"urlTemplate\":\"https:\\\/\\\/vksversicherungen.be\\\/?s={search_term_string}\"},\"query-input\":{\"@type\":\"PropertyValueSpecification\",\"valueRequired\":true,\"valueName\":\"search_term_string\"}}],\"inLanguage\":\"fr-FR\"}]}<\/script>\n<!-- \/ Yoast SEO plugin. -->","yoast_head_json":{"title":"VKS VERSICHERUNGEN | Ihr Versicherungsmakler in Ostbelgien","description":"VKS VERSICHERUNGEN ist Ihr unabh\u00e4ngiger Makler in Ostbelgien. Pers\u00f6nliche Beratung, ma\u00dfgeschneiderte Versicherungen und Unterst\u00fctzung im Schadensfall, f\u00fcr Privatkunden und Unternehmer.","robots":{"index":"index","follow":"follow","max-snippet":"max-snippet:-1","max-image-preview":"max-image-preview:large","max-video-preview":"max-video-preview:-1"},"canonical":"https:\/\/vksversicherungen.be\/fr\/","og_locale":"fr_FR","og_type":"article","og_title":"VKS VERSICHERUNGEN | Ihr Versicherungsmakler in Ostbelgien","og_description":"VKS VERSICHERUNGEN ist Ihr unabh\u00e4ngiger Makler in Ostbelgien. Pers\u00f6nliche Beratung, ma\u00dfgeschneiderte Versicherungen und Unterst\u00fctzung im Schadensfall, f\u00fcr Privatkunden und Unternehmer.","og_url":"https:\/\/vksversicherungen.be\/fr\/","og_site_name":"VKS Versicherungen","article_modified_time":"2025-11-11T09:22:42+00:00","twitter_card":"summary_large_image","twitter_misc":{"Dur\u00e9e de lecture estim\u00e9e":"1 minute"},"schema":{"@context":"https:\/\/schema.org","@graph":[{"@type":"WebPage","@id":"https:\/\/vksversicherungen.be\/fr\/","url":"https:\/\/vksversicherungen.be\/fr\/","name":"VKS VERSICHERUNGEN | Ihr Versicherungsmakler in Ostbelgien","isPartOf":{"@id":"https:\/\/vksversicherungen.be\/#website"},"datePublished":"2025-04-29T08:46:52+00:00","dateModified":"2025-11-11T09:22:42+00:00","description":"VKS VERSICHERUNGEN ist Ihr unabh\u00e4ngiger Makler in Ostbelgien. Pers\u00f6nliche Beratung, ma\u00dfgeschneiderte Versicherungen und Unterst\u00fctzung im Schadensfall, f\u00fcr Privatkunden und Unternehmer.","breadcrumb":{"@id":"https:\/\/vksversicherungen.be\/fr\/#breadcrumb"},"inLanguage":"fr-FR","potentialAction":[{"@type":"ReadAction","target":["https:\/\/vksversicherungen.be\/fr\/"]}]},{"@type":"BreadcrumbList","@id":"https:\/\/vksversicherungen.be\/fr\/#breadcrumb","itemListElement":[{"@type":"ListItem","position":1,"name":"Home","item":"https:\/\/vksversicherungen.be\/fr\/"},{"@type":"ListItem","position":2,"name":"Home"}]},{"@type":"WebSite","@id":"https:\/\/vksversicherungen.be\/#website","url":"https:\/\/vksversicherungen.be\/","name":"VKS Versicherungen","description":"","potentialAction":[{"@type":"SearchAction","target":{"@type":"EntryPoint","urlTemplate":"https:\/\/vksversicherungen.be\/?s={search_term_string}"},"query-input":{"@type":"PropertyValueSpecification","valueRequired":true,"valueName":"search_term_string"}}],"inLanguage":"fr-FR"}]}},"_links":{"self":[{"href":"https:\/\/vksversicherungen.be\/fr\/wp-json\/wp\/v2\/pages\/647","targetHints":{"allow":["GET"]}}],"collection":[{"href":"https:\/\/vksversicherungen.be\/fr\/wp-json\/wp\/v2\/pages"}],"about":[{"href":"https:\/\/vksversicherungen.be\/fr\/wp-json\/wp\/v2\/types\/page"}],"author":[{"embeddable":true,"href":"https:\/\/vksversicherungen.be\/fr\/wp-json\/wp\/v2\/users\/3"}],"replies":[{"embeddable":true,"href":"https:\/\/vksversicherungen.be\/fr\/wp-json\/wp\/v2\/comments?post=647"}],"version-history":[{"count":6,"href":"https:\/\/vksversicherungen.be\/fr\/wp-json\/wp\/v2\/pages\/647\/revisions"}],"predecessor-version":[{"id":1019,"href":"https:\/\/vksversicherungen.be\/fr\/wp-json\/wp\/v2\/pages\/647\/revisions\/1019"}],"wp:attachment":[{"href":"https:\/\/vksversicherungen.be\/fr\/wp-json\/wp\/v2\/media?parent=647"}],"curies":[{"name":"wp","href":"https:\/\/api.w.org\/{rel}","templated":true}]}}